{"id":28,"date":"2025-07-30T11:19:45","date_gmt":"2025-07-30T11:19:45","guid":{"rendered":"http:\/\/chadeideias.com.br\/home-2\/"},"modified":"2025-07-31T12:46:29","modified_gmt":"2025-07-31T12:46:29","slug":"home-2","status":"publish","type":"page","link":"https:\/\/chadeideias.com.br\/pt\/","title":{"rendered":"In\u00edcio"},"content":{"rendered":"<div class=\"wp-block-uagb-container uagb-block-4bec8e92 alignfull uagb-is-root-container\">\r\n<div class=\"uagb-container-inner-blocks-wrap\">\r\n<div class=\"wp-block-uagb-container uagb-block-bc91fa17\">\r\n<div class=\"wp-block-uagb-advanced-heading uagb-block-9872c69f\">\r\n<h1 class=\"uagb-heading-text\">Uma ag\u00eancia inovadora para marcas com vis\u00e3o de futuro.<\/h1>\r\n<\/div>\r\n\r\n\r\n\r\n<div class=\"wp-block-uagb-advanced-heading uagb-block-3cfcd15f\">\r\n<h2 class=\"uagb-heading-text\">Seo para pequenas e grandes empresas<\/h2>\r\n<\/div>\r\n\r\n\r\n\r\n<div class=\"wp-block-uagb-buttons uagb-buttons__outer-wrap uagb-btn__default-btn uagb-btn-tablet__default-btn uagb-btn-mobile__default-btn uagb-block-5699fe8a\">\r\n<div class=\"uagb-buttons__wrap uagb-buttons-layout-wrap\">\r\n<div class=\"wp-block-uagb-buttons-child uagb-buttons__outer-wrap uagb-block-406f54da wp-block-button\">\r\n<div class=\"uagb-button__wrapper\">\r\n<div class=\"uagb-button__link\"><a href=\"https:\/\/chadeideias.com.br\/pt\/contact\/\">Saiba mais<\/a>.<\/div>\r\n<\/div>\r\n<\/div>\r\n<\/div>\r\n<\/div>\r\n\r\n\r\n\r\n<div class=\"wp-block-uagb-container uagb-block-32963b37\">\r\n<div class=\"wp-block-uagb-separator uagb-block-f4eb07b4\">\r\n<div class=\"wp-block-uagb-separator__inner\">\u00a0<\/div>\r\n<\/div>\r\n\r\n\r\n\r\n<div class=\"wp-block-uagb-container uagb-block-81c4f505\">\r\n<div class=\"wp-block-uagb-container uagb-block-85d0a3bb\">\r\n<div class=\"wp-block-uagb-icon-list uagb-block-4e5df996\">\r\n<div class=\"uagb-icon-list__wrap\">\r\n<div class=\"wp-block-uagb-icon-list-child uagb-block-03a4fce7\">Rua Henrique Silva, S\/N SANTO ANT\u00d4NIO<\/div>\r\n<\/div>\r\n<\/div>\r\n<\/div>\r\n\r\n\r\n\r\n<div class=\"wp-block-uagb-container uagb-block-d126c94a\">\r\n<div class=\"wp-block-uagb-icon-list uagb-block-d6befcc7\">\r\n<div class=\"uagb-icon-list__wrap\">\r\n<div class=\"wp-block-uagb-icon-list-child uagb-block-9fcc0f0d\"><span class=\"uagb-icon-list__label\">Midia@oimeliga.com.br<\/span><\/div>\r\n<\/div>\r\n<\/div>\r\n<\/div>\r\n\r\n\r\n\r\n<div class=\"wp-block-uagb-container uagb-block-34eefc89\">\r\n<div class=\"wp-block-uagb-icon-list uagb-block-c45b4c04\">\r\n<div class=\"uagb-icon-list__wrap\">\r\n<div class=\"wp-block-uagb-icon-list-child uagb-block-40dc06fd\">\u00a0<\/div>\r\n<\/div>\r\n<\/div>\r\n<\/div>\r\n<\/div>\r\n<\/div>\r\n<\/div>\r\n<\/div>\r\n<\/div>\r\n\r\n\r\n\r\n<div class=\"wp-block-uagb-container uagb-block-dec3a5ac alignfull uagb-is-root-container\">\r\n<div class=\"uagb-container-inner-blocks-wrap\">\r\n<div class=\"wp-block-uagb-container uagb-block-e496c521\">\r\n<div class=\"wp-block-uagb-container uagb-block-48067f40\">\r\n<div class=\"wp-block-uagb-advanced-heading uagb-block-eb9d593b\">\r\n<div class=\"uagb-separator\">\u00a0<\/div>\r\n<h2 class=\"uagb-heading-text\">Capacidades.<\/h2>\r\n<\/div>\r\n<\/div>\r\n\r\n\r\n\r\n<div class=\"wp-block-uagb-container uagb-block-575736f6\">\r\n<div class=\"wp-block-uagb-advanced-heading uagb-block-1aaa304c\">\r\n<h4 class=\"uagb-heading-text\">Identidades de marca<\/h4>\r\n<p class=\"uagb-desc-text\">\u00a0<\/p>\r\n<\/div>\r\n\r\n\r\n\r\n<div class=\"wp-block-uagb-advanced-heading uagb-block-c8b6eaf8\">\r\n<h4 class=\"uagb-heading-text\">SEO GUEST POSTS MARKETING<\/h4>\r\n<p class=\"uagb-desc-text\"><br \/>Sobre a CHA DE IDEIAS - Ag\u00eancia de not\u00edcias, publicidade e m\u00eddia<br \/><strong>CHA DE IDEIAS<\/strong> \u00e9 uma ag\u00eancia digital brasileira din\u00e2mica, especializada em <strong>SEO, jornalismo on-line, marketing de conte\u00fado e publicidade estrat\u00e9gica<\/strong>. Com mais de <strong>100 dom\u00ednios e sites pr\u00f3prios<\/strong>Na empresa, lideramos campanhas digitais impactantes nos mercados de l\u00edngua portuguesa.<br \/>Oferecemos <strong>vendas de guest post<\/strong>, <strong>com\u00e9rcio de dom\u00ednios premium<\/strong>e <strong>publicidade direcionada<\/strong>, aproveitando nosso exclusivo <strong>Rede PBN<\/strong> e parcerias com mais de <strong>1.000 ve\u00edculos de m\u00eddia<\/strong>. Nossa equipe de especialistas combina criatividade com estrat\u00e9gias baseadas em dados para fornecer resultados mensur\u00e1veis para marcas e empresas que buscam uma forte visibilidade on-line.<br \/>\ud83d\udce9 <strong>Contato: <a href=\"mailto:midia@oimeliga.com.br\">midia@oimeliga.com.br<\/a><\/strong><br \/><br \/><\/p>\r\n<\/div>\r\n<\/div>\r\n<\/div>\r\n<\/div>\r\n<\/div>\r\n\r\n\r\n\r\n<div class=\"wp-block-uagb-container uagb-block-ebd2afb0 alignfull uagb-is-root-container\">\r\n<div class=\"uagb-container-inner-blocks-wrap\">\r\n<div class=\"wp-block-uagb-container uagb-block-0f12a9aa\">\r\n<div class=\"wp-block-uagb-container uagb-block-89b85849\">\r\n<div class=\"wp-block-uagb-advanced-heading uagb-block-f6c65b46\">\r\n<h6 class=\"uagb-heading-text\">Todos os servi\u00e7os.<\/h6>\r\n<\/div>\r\n\r\n\r\n\r\n<div class=\"wp-block-uagb-info-box uagb-block-7ef9b0e6 uagb-infobox__content-wrap  uagb-infobox-icon-above-title uagb-infobox-image-valign-top\">\r\n<div class=\"uagb-ifb-content\">\r\n<div class=\"uagb-ifb-title-wrap\">\r\n<div class=\"uagb-ifb-separator\">\u00a0<\/div>\r\n<h2 class=\"uagb-ifb-title\">\u00c9 assim que podemos ajud\u00e1-lo.<\/h2>\r\n<\/div>\r\n<\/div>\r\n<\/div>\r\n<h3>Servi\u00e7os prestados pela CHA DE IDEIAS<\/h3>\r\n<ol>\r\n<li>\r\n<p><strong>Vendas de postagens de convidados<\/strong><br \/>- Publica\u00e7\u00e3o de artigos patrocinados em nossa pr\u00f3pria rede e em sites de parceiros.<\/p>\r\n<\/li>\r\n<li>\r\n<p><strong>Com\u00e9rcio de dom\u00ednios premium<\/strong><br \/>- Compra e venda de dom\u00ednios de alto valor para posicionamento estrat\u00e9gico.<\/p>\r\n<\/li>\r\n<li>\r\n<p><strong>Marketing de conte\u00fado<\/strong><br \/>- Desenvolvimento e distribui\u00e7\u00e3o de conte\u00fado de marca e not\u00edcias.<\/p>\r\n<\/li>\r\n<li>\r\n<p><strong>Estrat\u00e9gia e otimiza\u00e7\u00e3o de SEO<\/strong><br \/>- T\u00e9cnicas avan\u00e7adas de SEO on-page e off-page, incluindo direcionamento de palavras-chave, auditorias t\u00e9cnicas e cria\u00e7\u00e3o de backlinks.<\/p>\r\n<\/li>\r\n<li>\r\n<p><strong>Campanhas PBN (rede privada de blogs)<\/strong><br \/>- Execu\u00e7\u00e3o de campanhas de SEO por meio de nossa rede propriet\u00e1ria de sites.<\/p>\r\n<\/li>\r\n<li>\r\n<p><strong>Campanhas publicit\u00e1rias<\/strong><br \/>- Publicidade nativa, coloca\u00e7\u00e3o de banners e campanhas institucionais\/publicit\u00e1rias.<\/p>\r\n<\/li>\r\n<li>\r\n<p><strong>Distribui\u00e7\u00e3o de comunicados \u00e0 imprensa<\/strong><br \/>- Divulga\u00e7\u00e3o de an\u00fancios corporativos para mais de 1.000 parceiros de m\u00eddia em portugu\u00eas.<\/p>\r\n<\/li>\r\n<li>\r\n<p><strong>Jornalismo personalizado<\/strong><br \/>- Produ\u00e7\u00e3o de conte\u00fado editorial e comercial adaptado a t\u00f3picos ou mercados espec\u00edficos.<\/p>\r\n<\/li>\r\n<li>\r\n<p><strong>Consultoria em m\u00eddia digital<\/strong><br \/>- Desenvolvimento de estrat\u00e9gias para empresas que buscam crescimento e visibilidade on-line.<\/p>\r\n<\/li>\r\n<li>\r\n<p><strong>Servi\u00e7os de Link Building<\/strong><br \/>- Cria\u00e7\u00e3o de backlinks naturais e contextuais em sites com autoridade.<\/p>\r\n<\/li>\r\n<li>\r\n<p><strong>Gerenciamento da visibilidade da marca<\/strong><br \/>- Aprimoramento da reputa\u00e7\u00e3o on-line e exposi\u00e7\u00e3o na m\u00eddia para marcas e influenciadores.<\/p>\r\n<\/li>\r\n<li>\r\n<p><strong>Servi\u00e7os de conte\u00fado de marca branca<\/strong><br \/>- Conte\u00fado escrito por fantasmas para ag\u00eancias e empresas com sua pr\u00f3pria marca.<\/p>\r\n<\/li>\r\n<li>\r\n<p><strong>Desenvolvimento de sites de nicho<\/strong><br \/>- Cria\u00e7\u00e3o, gerenciamento e monetiza\u00e7\u00e3o de sites de conte\u00fado de nicho.<\/p>\r\n<\/li>\r\n<li>\r\n<p><strong>Tradu\u00e7\u00e3o e localiza\u00e7\u00e3o de conte\u00fado<\/strong><br \/>- Adapta\u00e7\u00e3o de artigos para o p\u00fablico brasileiro e de l\u00edngua portuguesa.<\/p>\r\n<\/li>\r\n<li>\r\n<p><strong>Integra\u00e7\u00e3o de marketing por e-mail<\/strong><br \/>- Planejamento e distribui\u00e7\u00e3o de conte\u00fado por meio de boletins informativos e e-mails patrocinados.<\/p>\r\n<\/li>\r\n<\/ol>\r\n<p>&nbsp;<\/p>\r\n<\/div>\r\n<\/div>\r\n<\/div>\r\n<\/div>\r\n<h2 class=\"uagb-separator\" style=\"text-align: center;\">Pensando conosco<\/h2>\r\n<p style=\"text-align: center;\"><img loading=\"lazy\" decoding=\"async\" class=\"alignnone size-medium wp-image-2483\" src=\"https:\/\/chadeideias.com.br\/wp-content\/uploads\/2025\/07\/Screenshot_20250731_081801_Chrome-300x69.jpg\" alt=\"\" width=\"300\" height=\"69\" srcset=\"https:\/\/chadeideias.com.br\/wp-content\/uploads\/2025\/07\/Screenshot_20250731_081801_Chrome-300x69.jpg 300w, https:\/\/chadeideias.com.br\/wp-content\/uploads\/2025\/07\/Screenshot_20250731_081801_Chrome-768x176.jpg 768w, https:\/\/chadeideias.com.br\/wp-content\/uploads\/2025\/07\/Screenshot_20250731_081801_Chrome-18x4.jpg 18w, https:\/\/chadeideias.com.br\/wp-content\/uploads\/2025\/07\/Screenshot_20250731_081801_Chrome.jpg 794w\" sizes=\"auto, (max-width: 300px) 100vw, 300px\" \/> <img loading=\"lazy\" decoding=\"async\" class=\"alignnone size-medium wp-image-2484\" src=\"https:\/\/chadeideias.com.br\/wp-content\/uploads\/2025\/07\/Screenshot_20250731_081526_Chrome-300x126.jpg\" alt=\"\" width=\"300\" height=\"126\" srcset=\"https:\/\/chadeideias.com.br\/wp-content\/uploads\/2025\/07\/Screenshot_20250731_081526_Chrome-300x126.jpg 300w, https:\/\/chadeideias.com.br\/wp-content\/uploads\/2025\/07\/Screenshot_20250731_081526_Chrome-18x8.jpg 18w, https:\/\/chadeideias.com.br\/wp-content\/uploads\/2025\/07\/Screenshot_20250731_081526_Chrome.jpg 648w\" sizes=\"auto, (max-width: 300px) 100vw, 300px\" \/> <img loading=\"lazy\" decoding=\"async\" class=\"alignnone size-medium wp-image-2485\" src=\"https:\/\/chadeideias.com.br\/wp-content\/uploads\/2025\/07\/Screenshot_20250731_081258_Chrome-300x118.jpg\" alt=\"\" width=\"300\" height=\"118\" srcset=\"https:\/\/chadeideias.com.br\/wp-content\/uploads\/2025\/07\/Screenshot_20250731_081258_Chrome-300x118.jpg 300w, https:\/\/chadeideias.com.br\/wp-content\/uploads\/2025\/07\/Screenshot_20250731_081258_Chrome-768x302.jpg 768w, https:\/\/chadeideias.com.br\/wp-content\/uploads\/2025\/07\/Screenshot_20250731_081258_Chrome-18x7.jpg 18w, https:\/\/chadeideias.com.br\/wp-content\/uploads\/2025\/07\/Screenshot_20250731_081258_Chrome.jpg 887w\" sizes=\"auto, (max-width: 300px) 100vw, 300px\" \/> <img loading=\"lazy\" decoding=\"async\" class=\"alignnone size-medium wp-image-2486\" src=\"https:\/\/chadeideias.com.br\/wp-content\/uploads\/2025\/07\/Screenshot_20250731_081037_Chrome-300x194.jpg\" alt=\"\" width=\"300\" height=\"194\" srcset=\"https:\/\/chadeideias.com.br\/wp-content\/uploads\/2025\/07\/Screenshot_20250731_081037_Chrome-300x194.jpg 300w, https:\/\/chadeideias.com.br\/wp-content\/uploads\/2025\/07\/Screenshot_20250731_081037_Chrome-768x497.jpg 768w, https:\/\/chadeideias.com.br\/wp-content\/uploads\/2025\/07\/Screenshot_20250731_081037_Chrome-18x12.jpg 18w, https:\/\/chadeideias.com.br\/wp-content\/uploads\/2025\/07\/Screenshot_20250731_081037_Chrome.jpg 1009w\" sizes=\"auto, (max-width: 300px) 100vw, 300px\" \/> <img loading=\"lazy\" decoding=\"async\" class=\"alignnone size-medium wp-image-2487\" src=\"https:\/\/chadeideias.com.br\/wp-content\/uploads\/2025\/07\/Screenshot_20250731_080603_Chrome-300x106.jpg\" alt=\"\" width=\"300\" height=\"106\" srcset=\"https:\/\/chadeideias.com.br\/wp-content\/uploads\/2025\/07\/Screenshot_20250731_080603_Chrome-300x106.jpg 300w, https:\/\/chadeideias.com.br\/wp-content\/uploads\/2025\/07\/Screenshot_20250731_080603_Chrome-768x272.jpg 768w, https:\/\/chadeideias.com.br\/wp-content\/uploads\/2025\/07\/Screenshot_20250731_080603_Chrome-18x6.jpg 18w, https:\/\/chadeideias.com.br\/wp-content\/uploads\/2025\/07\/Screenshot_20250731_080603_Chrome.jpg 848w\" sizes=\"auto, (max-width: 300px) 100vw, 300px\" \/><\/p>\r\n<h2 style=\"text-align: center;\">\u00a0<\/h2>\r\n<h2 class=\"uagb-heading-text\" style=\"text-align: center;\">Trabalho mais recente.<\/h2>\r\n\r\n<div class=\"wp-block-uagb-container uagb-block-d7544f22\" style=\"text-align: center;\"><img loading=\"lazy\" decoding=\"async\" class=\"alignnone size-medium wp-image-2437\" src=\"https:\/\/chadeideias.com.br\/wp-content\/uploads\/2025\/07\/Screenshot_20250730_122818_Chrome-300x231.jpg\" alt=\"\" width=\"300\" height=\"231\" srcset=\"https:\/\/chadeideias.com.br\/wp-content\/uploads\/2025\/07\/Screenshot_20250730_122818_Chrome-300x231.jpg 300w, https:\/\/chadeideias.com.br\/wp-content\/uploads\/2025\/07\/Screenshot_20250730_122818_Chrome-1024x787.jpg 1024w, https:\/\/chadeideias.com.br\/wp-content\/uploads\/2025\/07\/Screenshot_20250730_122818_Chrome-768x590.jpg 768w, https:\/\/chadeideias.com.br\/wp-content\/uploads\/2025\/07\/Screenshot_20250730_122818_Chrome.jpg 1080w\" sizes=\"auto, (max-width: 300px) 100vw, 300px\" \/> <img loading=\"lazy\" decoding=\"async\" class=\"alignnone size-medium wp-image-2438\" src=\"https:\/\/chadeideias.com.br\/wp-content\/uploads\/2025\/07\/Screenshot_20250730_122754_Chrome-300x141.jpg\" alt=\"\" width=\"300\" height=\"141\" srcset=\"https:\/\/chadeideias.com.br\/wp-content\/uploads\/2025\/07\/Screenshot_20250730_122754_Chrome-300x141.jpg 300w, https:\/\/chadeideias.com.br\/wp-content\/uploads\/2025\/07\/Screenshot_20250730_122754_Chrome-1024x481.jpg 1024w, https:\/\/chadeideias.com.br\/wp-content\/uploads\/2025\/07\/Screenshot_20250730_122754_Chrome-768x361.jpg 768w, https:\/\/chadeideias.com.br\/wp-content\/uploads\/2025\/07\/Screenshot_20250730_122754_Chrome.jpg 1080w\" sizes=\"auto, (max-width: 300px) 100vw, 300px\" \/> <img loading=\"lazy\" decoding=\"async\" class=\"alignnone size-medium wp-image-2439\" src=\"https:\/\/chadeideias.com.br\/wp-content\/uploads\/2025\/07\/Screenshot_20250730_122726_Chrome-300x133.jpg\" alt=\"\" width=\"300\" height=\"133\" srcset=\"https:\/\/chadeideias.com.br\/wp-content\/uploads\/2025\/07\/Screenshot_20250730_122726_Chrome-300x133.jpg 300w, https:\/\/chadeideias.com.br\/wp-content\/uploads\/2025\/07\/Screenshot_20250730_122726_Chrome-1024x455.jpg 1024w, https:\/\/chadeideias.com.br\/wp-content\/uploads\/2025\/07\/Screenshot_20250730_122726_Chrome-768x341.jpg 768w, https:\/\/chadeideias.com.br\/wp-content\/uploads\/2025\/07\/Screenshot_20250730_122726_Chrome.jpg 1080w\" sizes=\"auto, (max-width: 300px) 100vw, 300px\" \/> <img loading=\"lazy\" decoding=\"async\" class=\"alignnone size-medium wp-image-2440\" src=\"https:\/\/chadeideias.com.br\/wp-content\/uploads\/2025\/07\/Screenshot_20250730_122652_Chrome-180x300.jpg\" alt=\"\" width=\"180\" height=\"300\" srcset=\"https:\/\/chadeideias.com.br\/wp-content\/uploads\/2025\/07\/Screenshot_20250730_122652_Chrome-180x300.jpg 180w, https:\/\/chadeideias.com.br\/wp-content\/uploads\/2025\/07\/Screenshot_20250730_122652_Chrome-614x1024.jpg 614w, https:\/\/chadeideias.com.br\/wp-content\/uploads\/2025\/07\/Screenshot_20250730_122652_Chrome-768x1280.jpg 768w, https:\/\/chadeideias.com.br\/wp-content\/uploads\/2025\/07\/Screenshot_20250730_122652_Chrome-922x1536.jpg 922w, https:\/\/chadeideias.com.br\/wp-content\/uploads\/2025\/07\/Screenshot_20250730_122652_Chrome.jpg 1080w\" sizes=\"auto, (max-width: 180px) 100vw, 180px\" \/> <img loading=\"lazy\" decoding=\"async\" class=\"alignnone size-medium wp-image-2441\" src=\"https:\/\/chadeideias.com.br\/wp-content\/uploads\/2025\/07\/Screenshot_20250730_122629_Chrome-213x300.jpg\" alt=\"\" width=\"213\" height=\"300\" srcset=\"https:\/\/chadeideias.com.br\/wp-content\/uploads\/2025\/07\/Screenshot_20250730_122629_Chrome-213x300.jpg 213w, https:\/\/chadeideias.com.br\/wp-content\/uploads\/2025\/07\/Screenshot_20250730_122629_Chrome-727x1024.jpg 727w, https:\/\/chadeideias.com.br\/wp-content\/uploads\/2025\/07\/Screenshot_20250730_122629_Chrome-768x1082.jpg 768w, https:\/\/chadeideias.com.br\/wp-content\/uploads\/2025\/07\/Screenshot_20250730_122629_Chrome.jpg 1080w\" sizes=\"auto, (max-width: 213px) 100vw, 213px\" \/> <img loading=\"lazy\" decoding=\"async\" class=\"alignnone size-medium wp-image-2442\" src=\"https:\/\/chadeideias.com.br\/wp-content\/uploads\/2025\/07\/Screenshot_20250730_122537_Chrome-190x300.jpg\" alt=\"\" width=\"190\" height=\"300\" srcset=\"https:\/\/chadeideias.com.br\/wp-content\/uploads\/2025\/07\/Screenshot_20250730_122537_Chrome-190x300.jpg 190w, https:\/\/chadeideias.com.br\/wp-content\/uploads\/2025\/07\/Screenshot_20250730_122537_Chrome-648x1024.jpg 648w, https:\/\/chadeideias.com.br\/wp-content\/uploads\/2025\/07\/Screenshot_20250730_122537_Chrome-768x1213.jpg 768w, https:\/\/chadeideias.com.br\/wp-content\/uploads\/2025\/07\/Screenshot_20250730_122537_Chrome-972x1536.jpg 972w, https:\/\/chadeideias.com.br\/wp-content\/uploads\/2025\/07\/Screenshot_20250730_122537_Chrome.jpg 1080w\" sizes=\"auto, (max-width: 190px) 100vw, 190px\" \/> <br \/><\/div>\r\n<h4 class=\"uagb-heading-text\" style=\"text-align: center;\">Curioso sobre nossa cultura?<\/h4>\r\n<hr \/>\r\n<h3>Cultura da empresa na CHA DE IDEIAS<\/h3>\r\n<p>Em <strong>CHA DE IDEIAS<\/strong>acreditamos em <strong>criatividade com prop\u00f3sito<\/strong>, <strong>inova\u00e7\u00e3o com estrat\u00e9gia<\/strong>e <strong>colabora\u00e7\u00e3o com transpar\u00eancia<\/strong>. Nossa cultura \u00e9 impulsionada por uma paix\u00e3o pela comunica\u00e7\u00e3o digital, enraizada na integridade jornal\u00edstica e na intelig\u00eancia de marketing.<\/p>\r\n<p>Promovemos um <strong>ambiente din\u00e2mico, informado por dados e que prioriza as pessoas<\/strong>onde as ideias s\u00e3o elaboradas com cuidado e entregues com impacto. Seja criando conte\u00fado de SEO, gerenciando ativos digitais ou expandindo a visibilidade na Web, permanecemos fi\u00e9is aos nossos valores: <strong>autenticidade, agilidade e resultados<\/strong>.<\/p>\r\n<p>Como equipe, estamos constantemente aprendendo, evoluindo e criando conex\u00f5es significativas - com nossos clientes, nossos parceiros e os milh\u00f5es de pessoas que leem nosso trabalho todos os dias.<\/p>\r\n<h3>HUGO REIS; PEQUENA PALAVRA<\/h3>\r\n<p class=\"uagb-heading-text\">CEO, DESIGNER DE ARTE, ESPECIALISTA EM SEO, EDITOR-CHEFE 2011. GRANDE EXPERI\u00caNCIA EM MARKETING DIGITAL E VALOR AGREGADO DIGITAL.\u00a0<\/p>\r\n<div class=\"wp-block-uagb-container uagb-block-10c4f165\">\r\n<div class=\"wp-block-uagb-container uagb-block-278389f3\">\r\n\r\n\r\n<div class=\"wp-block-uagb-advanced-heading uagb-block-44ba8e19\">\u00a0<\/div>\r\n<\/div>\r\n<div class=\"wp-block-uagb-container uagb-block-bdfe5076\">\r\n<div class=\"wp-block-uagb-image uagb-block-aed191a5 wp-block-uagb-image--layout-default wp-block-uagb-image--effect-static wp-block-uagb-image--align-none\">\r\n<figure class=\"wp-block-uagb-image__figure\">Seja honesto, trabalhe duro e siga o DESEJO de seu cliente.<\/figure>\r\n<\/div>\r\n<\/div>\r\n<\/div>\r\n\r\n<p>&nbsp;<\/p>\r\n\r\n\r\n\r\n<div class=\"wp-block-uagb-container uagb-block-4d4ae93c alignfull uagb-is-root-container\">\r\n<div class=\"uagb-container-inner-blocks-wrap\">\r\n<div class=\"wp-block-uagb-info-box uagb-block-3b57339c uagb-infobox__content-wrap  uagb-infobox-icon-above-title uagb-infobox-image-valign-top wp-block-uagb-info-box--has-margin\">\r\n<div class=\"uagb-infobox-margin-wrapper\">\r\n<div class=\"uagb-ifb-content\">\r\n<div class=\"uagb-ifb-title-wrap\">\r\n<div class=\"uagb-ifb-separator\">\u00a0<\/div>\r\n<h2 class=\"uagb-ifb-title\">N\u00e3o seja t\u00edmido, diga ol\u00e1.<\/h2>\r\n<\/div>\r\n<\/div>\r\n<\/div>\r\n<\/div>\r\n\r\n\r\n\r\n<div class=\"wp-block-uagb-buttons uagb-buttons__outer-wrap uagb-btn__default-btn uagb-btn-tablet__default-btn uagb-btn-mobile__default-btn uagb-block-3a9b8877\">\r\n<div class=\"uagb-buttons__wrap uagb-buttons-layout-wrap\">\r\n<div class=\"wp-block-uagb-buttons-child uagb-buttons__outer-wrap uagb-block-08ecc542 wp-block-button\">\r\n<div class=\"uagb-button__wrapper\">\r\n<div class=\"uagb-button__link\"><a href=\"https:\/\/chadeideias.com.br\/pt\/contact\/\">contact us<\/a>.<\/div>\r\n<\/div>\r\n<\/div>\r\n<\/div>\r\n<\/div>\r\n<\/div>\r\n<\/div>","protected":false},"excerpt":{"rendered":"<p>An Innovative Agency For Forward-thinking Brands. Seo for small up to Enterprise business \u00a0 Capabilities. Brand Identities \u00a0 SEO GUEST POSTS MARKETING About CHA DE IDEIAS \u2013 News, Advertising &amp; Media AgencyCHA DE IDEIAS is a dynamic Brazilian digital agency specializing in SEO, online journalism, content marketing, and strategic advertising. With over 100 owned domains [&hellip;]<\/p>","protected":false},"author":1,"featured_media":0,"parent":0,"menu_order":0,"comment_status":"closed","ping_status":"closed","template":"","meta":{"om_disable_all_campaigns":false,"_uag_custom_page_level_css":"","_monsterinsights_skip_tracking":false,"_monsterinsights_sitenote_active":false,"_monsterinsights_sitenote_note":"","_monsterinsights_sitenote_category":0,"footnotes":""},"class_list":["post-28","page","type-page","status-publish","hentry"],"aioseo_notices":[],"uagb_featured_image_src":{"full":false,"thumbnail":false,"medium":false,"medium_large":false,"large":false,"1536x1536":false,"2048x2048":false,"trp-custom-language-flag":false},"uagb_author_info":{"display_name":"hugo.reis@9telecom.com.br","author_link":"https:\/\/chadeideias.com.br\/pt\/author\/hugo-reis9telecom-com-br\/"},"uagb_comment_info":0,"uagb_excerpt":"An Innovative Agency For Forward-thinking Brands. Seo for small up to Enterprise business \u00a0 Capabilities. Brand Identities \u00a0 SEO GUEST POSTS MARKETING About CHA DE IDEIAS \u2013 News, Advertising &amp; Media AgencyCHA DE IDEIAS is a dynamic Brazilian digital agency specializing in SEO, online journalism, content marketing, and strategic advertising. With over 100 owned domains&hellip;","_links":{"self":[{"href":"https:\/\/chadeideias.com.br\/pt\/wp-json\/wp\/v2\/pages\/28","targetHints":{"allow":["GET"]}}],"collection":[{"href":"https:\/\/chadeideias.com.br\/pt\/wp-json\/wp\/v2\/pages"}],"about":[{"href":"https:\/\/chadeideias.com.br\/pt\/wp-json\/wp\/v2\/types\/page"}],"author":[{"embeddable":true,"href":"https:\/\/chadeideias.com.br\/pt\/wp-json\/wp\/v2\/users\/1"}],"replies":[{"embeddable":true,"href":"https:\/\/chadeideias.com.br\/pt\/wp-json\/wp\/v2\/comments?post=28"}],"version-history":[{"count":14,"href":"https:\/\/chadeideias.com.br\/pt\/wp-json\/wp\/v2\/pages\/28\/revisions"}],"predecessor-version":[{"id":2576,"href":"https:\/\/chadeideias.com.br\/pt\/wp-json\/wp\/v2\/pages\/28\/revisions\/2576"}],"wp:attachment":[{"href":"https:\/\/chadeideias.com.br\/pt\/wp-json\/wp\/v2\/media?parent=28"}],"curies":[{"name":"wp","href":"https:\/\/api.w.org\/{rel}","templated":true}]}}