{"id":30,"date":"2025-07-30T11:19:45","date_gmt":"2025-07-30T11:19:45","guid":{"rendered":"http:\/\/chadeideias.com.br\/services\/"},"modified":"2025-07-31T01:51:28","modified_gmt":"2025-07-31T01:51:28","slug":"services","status":"publish","type":"page","link":"https:\/\/chadeideias.com.br\/pt\/services\/","title":{"rendered":"Servi\u00e7os"},"content":{"rendered":"<div class=\"wp-block-uagb-container uagb-block-684c2751 alignfull uagb-is-root-container\">\r\n<div class=\"uagb-container-inner-blocks-wrap\">\r\n<div class=\"wp-block-uagb-container uagb-block-d60c7883\">\r\n<div class=\"wp-block-uagb-advanced-heading uagb-block-62c95fdf\">\r\n<div class=\"uagb-separator\">\u00a0<\/div>\r\n<h3 class=\"uagb-heading-text\">O que fazemos?<\/h3>\r\n<\/div>\r\n\r\n\r\n\r\n<div class=\"wp-block-uagb-advanced-heading uagb-block-ec3dd4b4\">\r\n<h1 class=\"uagb-heading-text\">Pergunte-nos sobre branding, design e publicidade.<\/h1>\r\n<\/div>\r\n<\/div>\r\n<\/div>\r\n<\/div>\r\n\r\n\r\n\r\n<div class=\"wp-block-uagb-container uagb-block-9fc88543 alignfull uagb-is-root-container\">\r\n<div class=\"uagb-container-inner-blocks-wrap\">\r\n<div class=\"wp-block-uagb-container uagb-block-f9382c06\">\r\n<div class=\"wp-block-uagb-container uagb-block-78cc72d1\">\r\n<div class=\"wp-block-uagb-advanced-heading uagb-block-072da26e\">\r\n<div class=\"uagb-separator\">\u00a0<\/div>\r\n<h2 class=\"uagb-heading-text\">Capacidades.<\/h2>\r\n<\/div>\r\n<\/div>\r\n\r\n\r\n\r\n<div class=\"wp-block-uagb-container uagb-block-f4ac75a2\">\r\n<div class=\"wp-block-uagb-advanced-heading uagb-block-4f5dd16a\">\r\n<ol>\r\n<li>\r\n<p><strong>Vendas de postagens de convidados<\/strong><br \/>- Publica\u00e7\u00e3o de artigos patrocinados em nossa pr\u00f3pria rede e em sites de parceiros.<\/p>\r\n<\/li>\r\n<li>\r\n<p><strong>Com\u00e9rcio de dom\u00ednios premium<\/strong><br \/>- Compra e venda de dom\u00ednios de alto valor para posicionamento estrat\u00e9gico.<\/p>\r\n<\/li>\r\n<li>\r\n<p><strong>Marketing de conte\u00fado<\/strong><br \/>- Desenvolvimento e distribui\u00e7\u00e3o de conte\u00fado de marca e not\u00edcias.<\/p>\r\n<\/li>\r\n<li>\r\n<p><strong>Estrat\u00e9gia e otimiza\u00e7\u00e3o de SEO<\/strong><br \/>- T\u00e9cnicas avan\u00e7adas de SEO on-page e off-page, incluindo direcionamento de palavras-chave, auditorias t\u00e9cnicas e cria\u00e7\u00e3o de backlinks.<\/p>\r\n<\/li>\r\n<\/ol>\r\n<\/div>\r\n<\/div>\r\n<\/div>\r\n<\/div>\r\n<\/div>\r\n\r\n\r\n\r\n<div class=\"wp-block-uagb-container uagb-block-b372e590 alignfull uagb-is-root-container\">\r\n<div class=\"uagb-container-inner-blocks-wrap\">\r\n<div class=\"wp-block-uagb-container uagb-block-c5974539\">\r\n<div class=\"wp-block-uagb-advanced-heading uagb-block-88cc3489\">\r\n<h6 class=\"uagb-heading-text\">Todos os servi\u00e7os.<\/h6>\r\n<\/div>\r\n\r\n\r\n\r\n<div class=\"wp-block-uagb-info-box uagb-block-b94b42d5 uagb-infobox__content-wrap  uagb-infobox-icon-above-title uagb-infobox-image-valign-top wp-block-uagb-info-box--has-margin\">\r\n<div class=\"uagb-infobox-margin-wrapper\">\r\n<div class=\"uagb-ifb-content\">\r\n<div class=\"uagb-ifb-title-wrap\">\r\n<h2 class=\"uagb-ifb-title\">\u00c9 assim que podemos ajud\u00e1-lo.<\/h2>\r\n<\/div>\r\n<\/div>\r\n<\/div>\r\n<\/div>\r\n\r\n\r\n\r\n<div class=\"wp-block-uagb-container uagb-block-0b2b9695\">\r\n<div class=\"wp-block-uagb-container uagb-block-0bb3f7f5\">\r\n<div class=\"wp-block-uagb-icon-list uagb-block-9fc4efd7\">\r\n<div class=\"uagb-icon-list__wrap\">\r\n<div class=\"wp-block-uagb-icon-list-child uagb-block-40fa4c62\"><span class=\"uagb-icon-list__label\">dire\u00e7\u00e3o de arte<\/span><\/div>\r\n<div>Seo avan\u00e7ado<\/div>\r\n\r\n\r\n\r\n<div class=\"wp-block-uagb-icon-list-child uagb-block-179b53ab\"><span class=\"uagb-icon-list__label\">estrat\u00e9gia de marca e branding<\/span><\/div>\r\n\r\n\r\n\r\n<div class=\"wp-block-uagb-icon-list-child uagb-block-8e997a90\"><span class=\"uagb-icon-list__label\">design de servi\u00e7os<\/span><\/div>\r\n\r\n\r\n\r\n<div class=\"wp-block-uagb-icon-list-child uagb-block-b886dbc7\"><span class=\"uagb-icon-list__label\">design ui \/ ux<\/span><\/div>\r\n\r\n\r\n\r\n<div class=\"wp-block-uagb-icon-list-child uagb-block-26c4c0cd\"><span class=\"uagb-icon-list__label\">planos de m\u00eddia digital<\/span><\/div>\r\n<\/div>\r\n<\/div>\r\n<\/div>\r\n\r\n\r\n\r\n<div class=\"wp-block-uagb-container uagb-block-61c904fa\">\r\n<div class=\"wp-block-uagb-icon-list uagb-block-e2b377cd\">\r\n<div class=\"uagb-icon-list__wrap\">\r\n<div class=\"wp-block-uagb-icon-list-child uagb-block-af6662b2\"><span class=\"uagb-icon-list__label\">aplicativos m\u00f3veis<\/span><\/div>\r\n\r\n\r\n\r\n<div class=\"wp-block-uagb-icon-list-child uagb-block-3e75caa9\"><span class=\"uagb-icon-list__label\">marketing digital<\/span><\/div>\r\n\r\n\r\n\r\n<div class=\"wp-block-uagb-icon-list-child uagb-block-f0f5674f\"><span class=\"uagb-icon-list__label\">experi\u00eancia digital<\/span><\/div>\r\n\r\n\r\n\r\n<div class=\"wp-block-uagb-icon-list-child uagb-block-8aaadc5a\"><span class=\"uagb-icon-list__label\">gr\u00e1ficos em movimento e v\u00eddeo<\/span><\/div>\r\n\r\n\r\n\r\n<div class=\"wp-block-uagb-icon-list-child uagb-block-0813a901\"><span class=\"uagb-icon-list__label\">design de intera\u00e7\u00e3o<\/span><\/div>\r\n<\/div>\r\n<\/div>\r\n<\/div>\r\n\r\n\r\n\r\n<div class=\"wp-block-uagb-container uagb-block-91984000\">\r\n<div class=\"wp-block-uagb-icon-list uagb-block-8d4a779a\">\r\n<div class=\"uagb-icon-list__wrap\">\r\n<div class=\"wp-block-uagb-icon-list-child uagb-block-9a3f31ed\"><span class=\"uagb-icon-list__label\">desenvolvimento de back-end e CMS<\/span><\/div>\r\n\r\n\r\n\r\n<div class=\"wp-block-uagb-icon-list-child uagb-block-a7c48ee1\"><span class=\"uagb-icon-list__label\">desenvolvimento front-end<\/span><\/div>\r\n\r\n\r\n\r\n<div class=\"wp-block-uagb-icon-list-child uagb-block-5197b1f7\"><span class=\"uagb-icon-list__label\">desenvolvimento de aplicativos m\u00f3veis<\/span><\/div>\r\n\r\n\r\n\r\n<div class=\"wp-block-uagb-icon-list-child uagb-block-5f2979a5\"><span class=\"uagb-icon-list__label\">Desenvolvimento de CRM<\/span><\/div>\r\n\r\n\r\n\r\n<div class=\"wp-block-uagb-icon-list-child uagb-block-09e94073\"><span class=\"uagb-icon-list__label\">Integra\u00e7\u00e3o de ERP<\/span><\/div>\r\n<\/div>\r\n<\/div>\r\n<\/div>\r\n<\/div>\r\n<\/div>\r\n<\/div>\r\n<\/div>\r\n\r\n\r\n\r\n<div class=\"wp-block-uagb-container uagb-block-51d5da28 alignfull uagb-is-root-container\">\r\n<div class=\"uagb-container-inner-blocks-wrap\">\r\n<div class=\"wp-block-uagb-container uagb-block-ee4979d2\">\r\n<div class=\"wp-block-uagb-container uagb-block-31a89409\">\r\n<div class=\"wp-block-uagb-advanced-heading uagb-block-11bb1812\">\r\n<div class=\"uagb-separator\">\u00a0<\/div>\r\n<\/div>\r\n<\/div>\r\n<\/div>\r\n<\/div>\r\n<\/div>\r\n<div class=\"wp-block-uagb-container uagb-block-63955cee alignfull uagb-is-root-container\">\r\n<div class=\"uagb-container-inner-blocks-wrap\">\r\n<div class=\"wp-block-uagb-container uagb-block-fbb59034\">\r\n<div class=\"wp-block-uagb-info-box uagb-block-8923077f uagb-infobox__content-wrap  uagb-infobox-icon-above-title uagb-infobox-image-valign-top\">\r\n<div class=\"uagb-ifb-content\">\r\n<div class=\"uagb-ifb-title-wrap\">\r\n<div class=\"uagb-ifb-separator\">\u00a0<\/div>\r\n<h2 class=\"uagb-ifb-title\">N\u00e3o seja t\u00edmido, diga ol\u00e1.<\/h2>\r\n<\/div>\r\n<\/div>\r\n<\/div>\r\n\r\n\r\n\r\n<div class=\"wp-block-uagb-buttons uagb-buttons__outer-wrap uagb-btn__default-btn uagb-btn-tablet__default-btn uagb-btn-mobile__default-btn uagb-block-828a4f33\">\r\n<div class=\"uagb-buttons__wrap uagb-buttons-layout-wrap\">\r\n<div class=\"wp-block-uagb-buttons-child uagb-buttons__outer-wrap uagb-block-9715a355 wp-block-button\">\r\n<div class=\"uagb-button__wrapper\">\r\n<div class=\"uagb-button__link\">Entre em contato conosco.<\/div>\r\n<\/div>\r\n<\/div>\r\n<\/div>\r\n<\/div>\r\n<\/div>\r\n<\/div>\r\n<\/div>","protected":false},"excerpt":{"rendered":"<p>\u00a0 What We Do? Ask Us About Branding, Design &amp; Advertising. \u00a0 Capabilities. Guest Post Sales\u2013 Publication of sponsored articles on our own network and partner websites. Premium Domain Trading\u2013 Buying and selling of high-value domains for strategic positioning. Content Marketing\u2013 Development and distribution of branded content and news pieces. SEO Strategy &amp; Optimization\u2013 Advanced [&hellip;]<\/p>","protected":false},"author":1,"featured_media":0,"parent":0,"menu_order":0,"comment_status":"closed","ping_status":"closed","template":"","meta":{"om_disable_all_campaigns":false,"_uag_custom_page_level_css":"","_monsterinsights_skip_tracking":false,"_monsterinsights_sitenote_active":false,"_monsterinsights_sitenote_note":"","_monsterinsights_sitenote_category":0,"footnotes":""},"class_list":["post-30","page","type-page","status-publish","hentry"],"aioseo_notices":[],"uagb_featured_image_src":{"full":false,"thumbnail":false,"medium":false,"medium_large":false,"large":false,"1536x1536":false,"2048x2048":false,"trp-custom-language-flag":false},"uagb_author_info":{"display_name":"hugo.reis@9telecom.com.br","author_link":"https:\/\/chadeideias.com.br\/pt\/author\/hugo-reis9telecom-com-br\/"},"uagb_comment_info":0,"uagb_excerpt":"\u00a0 What We Do? Ask Us About Branding, Design &amp; Advertising. \u00a0 Capabilities. Guest Post Sales\u2013 Publication of sponsored articles on our own network and partner websites. Premium Domain Trading\u2013 Buying and selling of high-value domains for strategic positioning. Content Marketing\u2013 Development and distribution of branded content and news pieces. SEO Strategy &amp; Optimization\u2013 Advanced&hellip;","_links":{"self":[{"href":"https:\/\/chadeideias.com.br\/pt\/wp-json\/wp\/v2\/pages\/30","targetHints":{"allow":["GET"]}}],"collection":[{"href":"https:\/\/chadeideias.com.br\/pt\/wp-json\/wp\/v2\/pages"}],"about":[{"href":"https:\/\/chadeideias.com.br\/pt\/wp-json\/wp\/v2\/types\/page"}],"author":[{"embeddable":true,"href":"https:\/\/chadeideias.com.br\/pt\/wp-json\/wp\/v2\/users\/1"}],"replies":[{"embeddable":true,"href":"https:\/\/chadeideias.com.br\/pt\/wp-json\/wp\/v2\/comments?post=30"}],"version-history":[{"count":4,"href":"https:\/\/chadeideias.com.br\/pt\/wp-json\/wp\/v2\/pages\/30\/revisions"}],"predecessor-version":[{"id":2475,"href":"https:\/\/chadeideias.com.br\/pt\/wp-json\/wp\/v2\/pages\/30\/revisions\/2475"}],"wp:attachment":[{"href":"https:\/\/chadeideias.com.br\/pt\/wp-json\/wp\/v2\/media?parent=30"}],"curies":[{"name":"wp","href":"https:\/\/api.w.org\/{rel}","templated":true}]}}