{"id":37,"date":"2025-07-30T11:19:45","date_gmt":"2025-07-30T11:19:45","guid":{"rendered":"http:\/\/chadeideias.com.br\/contact\/"},"modified":"2025-07-30T19:27:24","modified_gmt":"2025-07-30T19:27:24","slug":"contact","status":"publish","type":"page","link":"https:\/\/chadeideias.com.br\/pt\/contact\/","title":{"rendered":"Contato"},"content":{"rendered":"<div class=\"wp-block-uagb-container uagb-block-4a28552f alignfull uagb-is-root-container\">\r\n<div class=\"uagb-container-inner-blocks-wrap\">\r\n<div class=\"wp-block-uagb-container uagb-block-f6c9da20\">\r\n<div class=\"wp-block-uagb-advanced-heading uagb-block-0a8b7e6c\">\r\n<h3 class=\"uagb-heading-text\">Onde estamos?<\/h3>\r\n<\/div>\r\n\r\n\r\n\r\n<div class=\"wp-block-uagb-advanced-heading uagb-block-411eaf14\">\r\n<h1 class=\"uagb-heading-text\">N\u00e3o seja t\u00edmido, diga ol\u00e1.<\/h1>\r\n<\/div>\r\n<\/div>\r\n<\/div>\r\n<\/div>\r\n\r\n\r\n\r\n<div class=\"wp-block-uagb-container uagb-block-a633ef7e alignfull uagb-is-root-container\">\r\n<div class=\"uagb-container-inner-blocks-wrap\">\r\n<div class=\"wp-block-uagb-container uagb-block-ba0343c8\">\r\n<div class=\"wp-block-uagb-advanced-heading uagb-block-6d8183f0\">\r\n<div class=\"uagb-separator\">\u00a0<\/div>\r\n<h2 class=\"uagb-heading-text\">Entre em contato conosco.<\/h2>\r\n<\/div>\r\n<\/div>\r\n<\/div>\r\n<\/div>\r\n<div class=\"wp-block-uagb-container uagb-block-a5c8915b alignfull uagb-is-root-container\">\r\n<div class=\"uagb-container-inner-blocks-wrap\">\r\n<div class=\"wp-block-uagb-container uagb-block-abc5a281\">\r\n<div class=\"wp-block-uagb-buttons uagb-buttons__outer-wrap uagb-btn__default-btn uagb-btn-tablet__default-btn uagb-btn-mobile__default-btn uagb-block-828a4f33\">\r\n<div class=\"uagb-buttons__wrap uagb-buttons-layout-wrap\">\r\n<div class=\"wp-block-uagb-buttons-child uagb-buttons__outer-wrap uagb-block-9715a355 wp-block-button\">\r\n<div class=\"uagb-button__wrapper\">\r\n<div class=\"uagb-button__link\">Institucional <a href=\"mailto:suporte@oimeliga.com.br\">suporte@oimeliga.com.br<\/a><\/div>\r\n<div>\u00a0<\/div>\r\n<div>Neg\u00f3cios, Neg\u00f3cios, Marketing, Guest Post: <a href=\"mailto:midia@oimeliga.com.br\">midia@oimeliga.com.br<\/a>\u00a0<\/div>\r\n<div><img loading=\"lazy\" decoding=\"async\" class=\"alignnone size-medium wp-image-2421\" src=\"https:\/\/chadeideias.com.br\/wp-content\/uploads\/2025\/07\/cropped-Gemini_Generated_Image_dav7p6dav7p6dav7-1-300x300.png\" alt=\"\" width=\"300\" height=\"300\" srcset=\"https:\/\/chadeideias.com.br\/wp-content\/uploads\/2025\/07\/cropped-Gemini_Generated_Image_dav7p6dav7p6dav7-1-300x300.png 300w, https:\/\/chadeideias.com.br\/wp-content\/uploads\/2025\/07\/cropped-Gemini_Generated_Image_dav7p6dav7p6dav7-1-150x150.png 150w, https:\/\/chadeideias.com.br\/wp-content\/uploads\/2025\/07\/cropped-Gemini_Generated_Image_dav7p6dav7p6dav7-1-270x270.png 270w, https:\/\/chadeideias.com.br\/wp-content\/uploads\/2025\/07\/cropped-Gemini_Generated_Image_dav7p6dav7p6dav7-1-192x192.png 192w, https:\/\/chadeideias.com.br\/wp-content\/uploads\/2025\/07\/cropped-Gemini_Generated_Image_dav7p6dav7p6dav7-1-180x180.png 180w, https:\/\/chadeideias.com.br\/wp-content\/uploads\/2025\/07\/cropped-Gemini_Generated_Image_dav7p6dav7p6dav7-1-32x32.png 32w, https:\/\/chadeideias.com.br\/wp-content\/uploads\/2025\/07\/cropped-Gemini_Generated_Image_dav7p6dav7p6dav7-1.png 512w\" sizes=\"auto, (max-width: 300px) 100vw, 300px\" \/><\/div>\r\n<\/div>\r\n<\/div>\r\n<\/div>\r\n<\/div>\r\n<\/div>\r\n<\/div>\r\n<\/div>\r\n<!-- \/wp:post-content -->","protected":false},"excerpt":{"rendered":"<p>Where We Are? Don&#8217;t Be Shy, Say Hello. \u00a0 Contact Us. Institucional suporte@oimeliga.com.br \u00a0 Business, Deal,\u00a0 Marketing,\u00a0 Guest Post: midia@oimeliga.com.br\u00a0<\/p>","protected":false},"author":1,"featured_media":0,"parent":0,"menu_order":0,"comment_status":"closed","ping_status":"closed","template":"","meta":{"om_disable_all_campaigns":false,"_uag_custom_page_level_css":"","_monsterinsights_skip_tracking":false,"_monsterinsights_sitenote_active":false,"_monsterinsights_sitenote_note":"","_monsterinsights_sitenote_category":0,"footnotes":""},"class_list":["post-37","page","type-page","status-publish","hentry"],"aioseo_notices":[],"uagb_featured_image_src":{"full":false,"thumbnail":false,"medium":false,"medium_large":false,"large":false,"1536x1536":false,"2048x2048":false,"trp-custom-language-flag":false},"uagb_author_info":{"display_name":"hugo.reis@9telecom.com.br","author_link":"https:\/\/chadeideias.com.br\/pt\/author\/hugo-reis9telecom-com-br\/"},"uagb_comment_info":0,"uagb_excerpt":"Where We Are? Don&#8217;t Be Shy, Say Hello. \u00a0 Contact Us. Institucional suporte@oimeliga.com.br \u00a0 Business, Deal,\u00a0 Marketing,\u00a0 Guest Post: midia@oimeliga.com.br\u00a0","_links":{"self":[{"href":"https:\/\/chadeideias.com.br\/pt\/wp-json\/wp\/v2\/pages\/37","targetHints":{"allow":["GET"]}}],"collection":[{"href":"https:\/\/chadeideias.com.br\/pt\/wp-json\/wp\/v2\/pages"}],"about":[{"href":"https:\/\/chadeideias.com.br\/pt\/wp-json\/wp\/v2\/types\/page"}],"author":[{"embeddable":true,"href":"https:\/\/chadeideias.com.br\/pt\/wp-json\/wp\/v2\/users\/1"}],"replies":[{"embeddable":true,"href":"https:\/\/chadeideias.com.br\/pt\/wp-json\/wp\/v2\/comments?post=37"}],"version-history":[{"count":4,"href":"https:\/\/chadeideias.com.br\/pt\/wp-json\/wp\/v2\/pages\/37\/revisions"}],"predecessor-version":[{"id":2455,"href":"https:\/\/chadeideias.com.br\/pt\/wp-json\/wp\/v2\/pages\/37\/revisions\/2455"}],"wp:attachment":[{"href":"https:\/\/chadeideias.com.br\/pt\/wp-json\/wp\/v2\/media?parent=37"}],"curies":[{"name":"wp","href":"https:\/\/api.w.org\/{rel}","templated":true}]}}